{"id":404,"date":"2021-06-22T21:36:21","date_gmt":"2021-06-22T19:36:21","guid":{"rendered":"http:\/\/test2.kamen.de\/?page_id=404"},"modified":"2026-01-24T10:56:56","modified_gmt":"2026-01-24T09:56:56","slug":"loeschzug-1","status":"publish","type":"page","link":"https:\/\/feuerwehr.kamen.de\/?page_id=404","title":{"rendered":"L\u00f6schzug 1"},"content":{"rendered":"\t\t<div data-elementor-type=\"wp-page\" data-elementor-id=\"404\" class=\"elementor elementor-404\" data-elementor-post-type=\"page\">\n\t\t\t\t\t\t<section class=\"elementor-section elementor-top-section elementor-element elementor-element-adf2b49 elementor-section-full_width cus-diashow elementor-section-height-default elementor-section-height-default\" data-id=\"adf2b49\" data-element_type=\"section\" data-e-type=\"section\" data-settings=\"{&quot;background_background&quot;:&quot;classic&quot;}\">\n\t\t\t\t\t\t<div class=\"elementor-container elementor-column-gap-no\">\n\t\t\t\t\t<div class=\"elementor-column elementor-col-50 elementor-top-column elementor-element elementor-element-6b1e7a2\" data-id=\"6b1e7a2\" data-element_type=\"column\" data-e-type=\"column\" data-settings=\"{&quot;background_background&quot;:&quot;classic&quot;}\">\n\t\t\t<div class=\"elementor-widget-wrap elementor-element-populated\">\n\t\t\t\t\t\t<div class=\"elementor-element elementor-element-a5ad7ac elementor-widget elementor-widget-heading\" data-id=\"a5ad7ac\" data-element_type=\"widget\" data-e-type=\"widget\" data-widget_type=\"heading.default\">\n\t\t\t\t<div class=\"elementor-widget-container\">\n\t\t\t\t\t<div class=\"elementor-heading-title elementor-size-xl\">L\u00d6SCHZUG 1<\/div>\t\t\t\t<\/div>\n\t\t\t\t<\/div>\n\t\t\t\t\t<\/div>\n\t\t<\/div>\n\t\t\t\t<div class=\"elementor-column elementor-col-50 elementor-top-column elementor-element elementor-element-c4d1d81\" data-id=\"c4d1d81\" data-element_type=\"column\" data-e-type=\"column\" data-settings=\"{&quot;background_background&quot;:&quot;classic&quot;}\">\n\t\t\t<div class=\"elementor-widget-wrap\">\n\t\t\t\t\t\t\t<\/div>\n\t\t<\/div>\n\t\t\t\t\t<\/div>\n\t\t<\/section>\n\t\t\t\t<section class=\"elementor-section elementor-top-section elementor-element elementor-element-227f568 elementor-section-boxed elementor-section-height-default elementor-section-height-default\" data-id=\"227f568\" data-element_type=\"section\" data-e-type=\"section\">\n\t\t\t\t\t\t<div class=\"elementor-container elementor-column-gap-default\">\n\t\t\t\t\t<div class=\"elementor-column elementor-col-100 elementor-top-column elementor-element elementor-element-67b0df0\" data-id=\"67b0df0\" data-element_type=\"column\" data-e-type=\"column\">\n\t\t\t<div class=\"elementor-widget-wrap elementor-element-populated\">\n\t\t\t\t\t\t<div class=\"elementor-element elementor-element-42b4480 elementor-widget elementor-widget-text-editor\" data-id=\"42b4480\" data-element_type=\"widget\" data-e-type=\"widget\" data-widget_type=\"text-editor.default\">\n\t\t\t\t<div class=\"elementor-widget-container\">\n\t\t\t\t\t\t\t\t\t<p>Der L\u00f6schzug 1 der Feuerwehr Kamen besteht aus der Einheit Kamen-Mitte und der Einheit S\u00fcdkamen.<\/p><p>Die Einheit Kamen-Mitte hat ihren historischen Ursprung in einer \u201efreiwilligen Turner-Feuerwehr\u201c, die bei der 70 Mitglieder umfassenden Generalversammlung des Turnvereins Kamen am 25. Juli 1876 gegr\u00fcndet wurde. Der erste Standort der Einheit wurde im Jahr 1896 an der Hammer Stra\u00dfe fertiggestellt. Im Februar 1965 wurde der Feuerwehr die neue Feuerwache in der \u201eMersch\u201c \u00fcbergeben<\/p><p>Die Einheit S\u00fcdkamen wurde im Jahr 1908 gegr\u00fcndet und geh\u00f6rt nun seit etwas mehr als 112 Jahren zum festen Bestandteil S\u00fcdkamens.<\/p><p>Einsatzschwerpunkte des L\u00f6schzuges 1 sind zum einen die vorhandenen Gewerbegebiete, wie z.B. \u201eKamen Karree\u201c, aber auch Unternehmen der Handels- und Lagersparte. Zum anderen r\u00fcckt der L\u00f6schzug 1 regelm\u00e4\u00dfig auf die zugeteilten Autobahnabschnitte der Bundesautobahnen 1 und 2 rund um das Kamener Kreuz aus.<\/p><p>Die Einheit S\u00fcdkamen verf\u00fcgt \u00fcber ein Hilfeleistungsl\u00f6schgruppenfahrzeug und einen Schlauchwagen des Katastrophenschutzes. Die Einheit ist Teil des L\u00f6schzuges \u201ePumpen und Lenzen\u201c des Kreises Unna.<\/p><p>Die Einheit Mitte besetzt neben dem Einsatzleitwagen des L\u00f6schzuges auch ein \u00a0Hilfeleistungsl\u00f6schgruppenfahrzeug und diverse Sonderfahrzeuge, welche stadtweit zum Einsatz kommen; dazu geh\u00f6ren diverse Abrollbeh\u00e4lter, die bedarfsgerecht \u2013 je nach Einsatzlage &#8211; mit Wechselladerfahrzeugen in den Einsatz gebracht werden.\u00a0<\/p><p>Mit seinen rund 90 Angeh\u00f6rigen der Einsatzabteilung r\u00fcckt der L\u00f6schzug etwa 200 Mal im Jahr aus. Der L\u00f6schzug 1 hat weiterhin rund 25 Kinder und Jugendliche in der Jugendfeuerwehr organisiert. Es besteht zudem eine Unterst\u00fctzungs- sowie eine Ehrenabteilung.<\/p><p>Die Einheiten Kamen-Mitte und S\u00fcdkamen sind fest in st\u00e4dtische Strukturen integriert; besonders hervorzuheben sind hierbei das j\u00e4hrliche Osterfeuer und die Irish-Folk-Musikveranstaltungen, die unter dem Motto \u201eOpen Air bei der Feuerwehr\u201c in S\u00fcdkamen durchgef\u00fchrt werden. Aber auch die \u201eTage der offenen T\u00fcr\u201c, die regelm\u00e4\u00dfig als \u201eFamilienfest\u201c im Bereich der Einheit Kamen-Mitte veranstaltet werden, sind stets gut besucht und bei den Kamener B\u00fcrgerinnen und B\u00fcrgern beliebt.<\/p>\t\t\t\t\t\t\t\t<\/div>\n\t\t\t\t<\/div>\n\t\t\t\t\t<\/div>\n\t\t<\/div>\n\t\t\t\t\t<\/div>\n\t\t<\/section>\n\t\t\t\t<section class=\"elementor-section elementor-top-section elementor-element elementor-element-83a0b32 elementor-section-boxed elementor-section-height-default elementor-section-height-default\" data-id=\"83a0b32\" data-element_type=\"section\" data-e-type=\"section\">\n\t\t\t\t\t\t<div class=\"elementor-container elementor-column-gap-default\">\n\t\t\t\t\t<div class=\"elementor-column elementor-col-100 elementor-top-column elementor-element elementor-element-d0878f5\" data-id=\"d0878f5\" data-element_type=\"column\" data-e-type=\"column\">\n\t\t\t<div class=\"elementor-widget-wrap elementor-element-populated\">\n\t\t\t\t\t\t<div class=\"elementor-element elementor-element-333ae4c elementor-widget elementor-widget-heading\" data-id=\"333ae4c\" data-element_type=\"widget\" data-e-type=\"widget\" data-widget_type=\"heading.default\">\n\t\t\t\t<div class=\"elementor-widget-container\">\n\t\t\t\t\t<h2 class=\"elementor-heading-title elementor-size-default\">Dienstplan<\/h2>\t\t\t\t<\/div>\n\t\t\t\t<\/div>\n\t\t\t\t\t<\/div>\n\t\t<\/div>\n\t\t\t\t\t<\/div>\n\t\t<\/section>\n\t\t\t\t<section class=\"elementor-section elementor-top-section elementor-element elementor-element-0848a82 elementor-section-boxed elementor-section-height-default elementor-section-height-default\" data-id=\"0848a82\" data-element_type=\"section\" data-e-type=\"section\">\n\t\t\t\t\t\t<div class=\"elementor-container elementor-column-gap-default\">\n\t\t\t\t\t<div class=\"elementor-column elementor-col-50 elementor-top-column elementor-element elementor-element-0ad25d8\" data-id=\"0ad25d8\" data-element_type=\"column\" data-e-type=\"column\">\n\t\t\t<div class=\"elementor-widget-wrap elementor-element-populated\">\n\t\t\t\t\t\t<div class=\"elementor-element elementor-element-f29a956 elementor-widget elementor-widget-text-editor\" data-id=\"f29a956\" data-element_type=\"widget\" data-e-type=\"widget\" data-widget_type=\"text-editor.default\">\n\t\t\t\t<div class=\"elementor-widget-container\">\n\t\t\t\t\t\t\t\t\t<p><strong>Dienstplan Mitte<\/strong><\/p><p>Zu Beginn der Dienste treffen wir uns immer im Schulungsraum an der Mersch. Die Praxisausbildung findet haupts\u00e4chlich auf dem Gel\u00e4nde der Feuerwehr statt, kann aber auch an anderer Stelle geschehen.<\/p>\t\t\t\t\t\t\t\t<\/div>\n\t\t\t\t<\/div>\n\t\t\t\t\t<\/div>\n\t\t<\/div>\n\t\t\t\t<div class=\"elementor-column elementor-col-50 elementor-top-column elementor-element elementor-element-ef73552\" data-id=\"ef73552\" data-element_type=\"column\" data-e-type=\"column\">\n\t\t\t<div class=\"elementor-widget-wrap elementor-element-populated\">\n\t\t\t\t\t\t<div class=\"elementor-element elementor-element-006f691 elementor-widget elementor-widget-text-editor\" data-id=\"006f691\" data-element_type=\"widget\" data-e-type=\"widget\" data-widget_type=\"text-editor.default\">\n\t\t\t\t<div class=\"elementor-widget-container\">\n\t\t\t\t\t\t\t\t\t<p><strong>Dienstplan S\u00fcdkamen<br><\/strong><\/p>\n<p>Zu Beginn der Dienste treffen wir uns immer im Schulungsraum an der Dortmunder Allee. Die Praxisausbildung findet haupts\u00e4chlich auf dem Gel\u00e4nde der Feuerwehr statt, kann aber auch an anderer Stelle geschehen.<\/p>\n<p><\/p>\t\t\t\t\t\t\t\t<\/div>\n\t\t\t\t<\/div>\n\t\t\t\t\t<\/div>\n\t\t<\/div>\n\t\t\t\t\t<\/div>\n\t\t<\/section>\n\t\t\t\t<section class=\"elementor-section elementor-top-section elementor-element elementor-element-07e5c46 elementor-section-boxed elementor-section-height-default elementor-section-height-default\" data-id=\"07e5c46\" data-element_type=\"section\" data-e-type=\"section\">\n\t\t\t\t\t\t<div class=\"elementor-container elementor-column-gap-default\">\n\t\t\t\t\t<div class=\"elementor-column elementor-col-50 elementor-top-column elementor-element elementor-element-984de61\" data-id=\"984de61\" data-element_type=\"column\" data-e-type=\"column\">\n\t\t\t<div class=\"elementor-widget-wrap elementor-element-populated\">\n\t\t\t\t\t\t<div class=\"elementor-element elementor-element-2274176 elementor-widget elementor-widget-image\" data-id=\"2274176\" data-element_type=\"widget\" data-e-type=\"widget\" data-widget_type=\"image.default\">\n\t\t\t\t<div class=\"elementor-widget-container\">\n\t\t\t\t\t\t\t\t\t\t\t\t\t\t\t\t<a href=\"https:\/\/feuerwehr.kamen.de\/wp-content\/uploads\/2026\/01\/Mitte26-scaled.jpg\" data-elementor-open-lightbox=\"yes\" data-elementor-lightbox-title=\"Mitte26\" data-e-action-hash=\"#elementor-action%3Aaction%3Dlightbox%26settings%3DeyJpZCI6NTY4NSwidXJsIjoiaHR0cHM6XC9cL2ZldWVyd2Voci5rYW1lbi5kZVwvd3AtY29udGVudFwvdXBsb2Fkc1wvMjAyNlwvMDFcL01pdHRlMjYtc2NhbGVkLmpwZyJ9\">\n\t\t\t\t\t\t\t<img fetchpriority=\"high\" decoding=\"async\" width=\"724\" height=\"1024\" src=\"https:\/\/feuerwehr.kamen.de\/wp-content\/uploads\/2026\/01\/Mitte26-724x1024.jpg\" class=\"attachment-large size-large wp-image-5685\" alt=\"\" srcset=\"https:\/\/feuerwehr.kamen.de\/wp-content\/uploads\/2026\/01\/Mitte26-724x1024.jpg 724w, https:\/\/feuerwehr.kamen.de\/wp-content\/uploads\/2026\/01\/Mitte26-212x300.jpg 212w, https:\/\/feuerwehr.kamen.de\/wp-content\/uploads\/2026\/01\/Mitte26-768x1086.jpg 768w, https:\/\/feuerwehr.kamen.de\/wp-content\/uploads\/2026\/01\/Mitte26-1086x1536.jpg 1086w, https:\/\/feuerwehr.kamen.de\/wp-content\/uploads\/2026\/01\/Mitte26-1448x2048.jpg 1448w, https:\/\/feuerwehr.kamen.de\/wp-content\/uploads\/2026\/01\/Mitte26-scaled.jpg 1810w\" sizes=\"(max-width: 724px) 100vw, 724px\" \/>\t\t\t\t\t\t\t\t<\/a>\n\t\t\t\t\t\t\t\t\t\t\t\t\t\t\t<\/div>\n\t\t\t\t<\/div>\n\t\t\t\t\t<\/div>\n\t\t<\/div>\n\t\t\t\t<div class=\"elementor-column elementor-col-50 elementor-top-column elementor-element elementor-element-3af8758\" data-id=\"3af8758\" data-element_type=\"column\" data-e-type=\"column\">\n\t\t\t<div class=\"elementor-widget-wrap elementor-element-populated\">\n\t\t\t\t\t\t<div class=\"elementor-element elementor-element-3f939b2 elementor-widget elementor-widget-image\" data-id=\"3f939b2\" data-element_type=\"widget\" data-e-type=\"widget\" data-widget_type=\"image.default\">\n\t\t\t\t<div class=\"elementor-widget-container\">\n\t\t\t\t\t\t\t\t\t\t\t\t\t\t\t\t<a href=\"https:\/\/feuerwehr.kamen.de\/wp-content\/uploads\/2026\/01\/IMG_0627-scaled.jpeg\" data-elementor-open-lightbox=\"yes\" data-elementor-lightbox-title=\"IMG_0627\" data-e-action-hash=\"#elementor-action%3Aaction%3Dlightbox%26settings%3DeyJpZCI6NTc0MSwidXJsIjoiaHR0cHM6XC9cL2ZldWVyd2Voci5rYW1lbi5kZVwvd3AtY29udGVudFwvdXBsb2Fkc1wvMjAyNlwvMDFcL0lNR18wNjI3LXNjYWxlZC5qcGVnIn0%3D\">\n\t\t\t\t\t\t\t<img decoding=\"async\" width=\"724\" height=\"1024\" src=\"https:\/\/feuerwehr.kamen.de\/wp-content\/uploads\/2026\/01\/IMG_0627-724x1024.jpeg\" class=\"attachment-large size-large wp-image-5741\" alt=\"\" srcset=\"https:\/\/feuerwehr.kamen.de\/wp-content\/uploads\/2026\/01\/IMG_0627-724x1024.jpeg 724w, https:\/\/feuerwehr.kamen.de\/wp-content\/uploads\/2026\/01\/IMG_0627-212x300.jpeg 212w, https:\/\/feuerwehr.kamen.de\/wp-content\/uploads\/2026\/01\/IMG_0627-768x1086.jpeg 768w, https:\/\/feuerwehr.kamen.de\/wp-content\/uploads\/2026\/01\/IMG_0627-1086x1536.jpeg 1086w, https:\/\/feuerwehr.kamen.de\/wp-content\/uploads\/2026\/01\/IMG_0627-1448x2048.jpeg 1448w, https:\/\/feuerwehr.kamen.de\/wp-content\/uploads\/2026\/01\/IMG_0627-scaled.jpeg 1811w\" sizes=\"(max-width: 724px) 100vw, 724px\" \/>\t\t\t\t\t\t\t\t<\/a>\n\t\t\t\t\t\t\t\t\t\t\t\t\t\t\t<\/div>\n\t\t\t\t<\/div>\n\t\t\t\t\t<\/div>\n\t\t<\/div>\n\t\t\t\t\t<\/div>\n\t\t<\/section>\n\t\t\t\t<section class=\"elementor-section elementor-top-section elementor-element elementor-element-9b17d32 elementor-section-boxed elementor-section-height-default elementor-section-height-default\" data-id=\"9b17d32\" data-element_type=\"section\" data-e-type=\"section\" data-settings=\"{&quot;background_background&quot;:&quot;classic&quot;}\">\n\t\t\t\t\t\t<div class=\"elementor-container elementor-column-gap-default\">\n\t\t\t\t\t<div class=\"elementor-column elementor-col-50 elementor-top-column elementor-element elementor-element-4a4a595\" data-id=\"4a4a595\" data-element_type=\"column\" data-e-type=\"column\">\n\t\t\t<div class=\"elementor-widget-wrap elementor-element-populated\">\n\t\t\t\t\t\t<div class=\"elementor-element elementor-element-11c6db0 elementor-view-default elementor-widget elementor-widget-icon\" data-id=\"11c6db0\" data-element_type=\"widget\" data-e-type=\"widget\" data-widget_type=\"icon.default\">\n\t\t\t\t<div class=\"elementor-widget-container\">\n\t\t\t\t\t\t\t<div class=\"elementor-icon-wrapper\">\n\t\t\t<div class=\"elementor-icon\">\n\t\t\t<i aria-hidden=\"true\" class=\"fas fa-phone-alt\"><\/i>\t\t\t<\/div>\n\t\t<\/div>\n\t\t\t\t\t\t<\/div>\n\t\t\t\t<\/div>\n\t\t\t\t\t<\/div>\n\t\t<\/div>\n\t\t\t\t<div class=\"elementor-column elementor-col-50 elementor-top-column elementor-element elementor-element-46b7235\" data-id=\"46b7235\" data-element_type=\"column\" data-e-type=\"column\">\n\t\t\t<div class=\"elementor-widget-wrap elementor-element-populated\">\n\t\t\t\t\t\t<div class=\"elementor-element elementor-element-6079155 elementor-widget elementor-widget-text-editor\" data-id=\"6079155\" data-element_type=\"widget\" data-e-type=\"widget\" data-widget_type=\"text-editor.default\">\n\t\t\t\t<div class=\"elementor-widget-container\">\n\t\t\t\t\t\t\t\t\t<h3>Telefon<\/h3>\t\t\t\t\t\t\t\t<\/div>\n\t\t\t\t<\/div>\n\t\t\t\t\t<\/div>\n\t\t<\/div>\n\t\t\t\t\t<\/div>\n\t\t<\/section>\n\t\t\t\t<section class=\"elementor-section elementor-top-section elementor-element elementor-element-32dec56 elementor-section-boxed elementor-section-height-default elementor-section-height-default\" data-id=\"32dec56\" data-element_type=\"section\" data-e-type=\"section\" data-settings=\"{&quot;background_background&quot;:&quot;classic&quot;}\">\n\t\t\t\t\t\t<div class=\"elementor-container elementor-column-gap-default\">\n\t\t\t\t\t<div class=\"elementor-column elementor-col-50 elementor-top-column elementor-element elementor-element-2c3fb88\" data-id=\"2c3fb88\" data-element_type=\"column\" data-e-type=\"column\">\n\t\t\t<div class=\"elementor-widget-wrap elementor-element-populated\">\n\t\t\t\t\t\t<div class=\"elementor-element elementor-element-2685127 elementor-widget elementor-widget-text-editor\" data-id=\"2685127\" data-element_type=\"widget\" data-e-type=\"widget\" data-widget_type=\"text-editor.default\">\n\t\t\t\t<div class=\"elementor-widget-container\">\n\t\t\t\t\t\t\t\t\t<p><b class=\"contentbold\">L\u00f6schgruppe Kamen-Mitte:<\/b><br \/>02307 \/ 148-3317 (nur zu Dienstzeiten)<\/p>\t\t\t\t\t\t\t\t<\/div>\n\t\t\t\t<\/div>\n\t\t\t\t\t<\/div>\n\t\t<\/div>\n\t\t\t\t<div class=\"elementor-column elementor-col-50 elementor-top-column elementor-element elementor-element-a3cd4a9\" data-id=\"a3cd4a9\" data-element_type=\"column\" data-e-type=\"column\">\n\t\t\t<div class=\"elementor-widget-wrap elementor-element-populated\">\n\t\t\t\t\t\t<div class=\"elementor-element elementor-element-76c63a0 elementor-widget elementor-widget-text-editor\" data-id=\"76c63a0\" data-element_type=\"widget\" data-e-type=\"widget\" data-widget_type=\"text-editor.default\">\n\t\t\t\t<div class=\"elementor-widget-container\">\n\t\t\t\t\t\t\t\t\t<p><b class=\"contentbold\">L\u00f6schgruppe S\u00fcdkamen:<\/b><br \/>02307 \/ 7700 (nur zu Dienstzeiten)<\/p>\t\t\t\t\t\t\t\t<\/div>\n\t\t\t\t<\/div>\n\t\t\t\t\t<\/div>\n\t\t<\/div>\n\t\t\t\t\t<\/div>\n\t\t<\/section>\n\t\t\t\t<section class=\"elementor-section elementor-top-section elementor-element elementor-element-e8f278e elementor-section-boxed elementor-section-height-default elementor-section-height-default\" data-id=\"e8f278e\" data-element_type=\"section\" data-e-type=\"section\" data-settings=\"{&quot;background_background&quot;:&quot;classic&quot;}\">\n\t\t\t\t\t\t<div class=\"elementor-container elementor-column-gap-default\">\n\t\t\t\t\t<div class=\"elementor-column elementor-col-50 elementor-top-column elementor-element elementor-element-d923360\" data-id=\"d923360\" data-element_type=\"column\" data-e-type=\"column\">\n\t\t\t<div class=\"elementor-widget-wrap elementor-element-populated\">\n\t\t\t\t\t\t<div class=\"elementor-element elementor-element-83ea916 elementor-view-default elementor-widget elementor-widget-icon\" data-id=\"83ea916\" data-element_type=\"widget\" data-e-type=\"widget\" data-widget_type=\"icon.default\">\n\t\t\t\t<div class=\"elementor-widget-container\">\n\t\t\t\t\t\t\t<div class=\"elementor-icon-wrapper\">\n\t\t\t<div class=\"elementor-icon\">\n\t\t\t<i aria-hidden=\"true\" class=\"far fa-user\"><\/i>\t\t\t<\/div>\n\t\t<\/div>\n\t\t\t\t\t\t<\/div>\n\t\t\t\t<\/div>\n\t\t\t\t\t<\/div>\n\t\t<\/div>\n\t\t\t\t<div class=\"elementor-column elementor-col-50 elementor-top-column elementor-element elementor-element-d24c0f1\" data-id=\"d24c0f1\" data-element_type=\"column\" data-e-type=\"column\">\n\t\t\t<div class=\"elementor-widget-wrap elementor-element-populated\">\n\t\t\t\t\t\t<div class=\"elementor-element elementor-element-8d0211b elementor-widget elementor-widget-text-editor\" data-id=\"8d0211b\" data-element_type=\"widget\" data-e-type=\"widget\" data-widget_type=\"text-editor.default\">\n\t\t\t\t<div class=\"elementor-widget-container\">\n\t\t\t\t\t\t\t\t\t<h3>Kontakt<\/h3>\t\t\t\t\t\t\t\t<\/div>\n\t\t\t\t<\/div>\n\t\t\t\t\t<\/div>\n\t\t<\/div>\n\t\t\t\t\t<\/div>\n\t\t<\/section>\n\t\t\t\t<section class=\"elementor-section elementor-top-section elementor-element elementor-element-71d49be elementor-section-boxed elementor-section-height-default elementor-section-height-default\" data-id=\"71d49be\" data-element_type=\"section\" data-e-type=\"section\" data-settings=\"{&quot;background_background&quot;:&quot;classic&quot;}\">\n\t\t\t\t\t\t<div class=\"elementor-container elementor-column-gap-default\">\n\t\t\t\t\t<div class=\"elementor-column elementor-col-33 elementor-top-column elementor-element elementor-element-7e8fa9e\" data-id=\"7e8fa9e\" data-element_type=\"column\" data-e-type=\"column\">\n\t\t\t<div class=\"elementor-widget-wrap elementor-element-populated\">\n\t\t\t\t\t\t<div class=\"elementor-element elementor-element-b34ef57 elementor-widget elementor-widget-text-editor\" data-id=\"b34ef57\" data-element_type=\"widget\" data-e-type=\"widget\" data-widget_type=\"text-editor.default\">\n\t\t\t\t<div class=\"elementor-widget-container\">\n\t\t\t\t\t\t\t\t\t<p><b class=\"contentbold\">Zugf\u00fchrer<\/b><br \/>BI Alexander Reigl<br \/><span style=\"color: #800000;\"><a class=\"mail\" style=\"color: #800000;\" title=\"E-Mail an &quot;alexander.reigl@feuerwehr.kamen.de&quot; verfassen\" href=\"mailto:alexander.reigl@feuerwehr.kamen.de\">alexander.reigl@feuerwehr.kamen.de<\/a><\/span><\/p>\t\t\t\t\t\t\t\t<\/div>\n\t\t\t\t<\/div>\n\t\t\t\t\t<\/div>\n\t\t<\/div>\n\t\t\t\t<div class=\"elementor-column elementor-col-33 elementor-top-column elementor-element elementor-element-138f2fb\" data-id=\"138f2fb\" data-element_type=\"column\" data-e-type=\"column\">\n\t\t\t<div class=\"elementor-widget-wrap elementor-element-populated\">\n\t\t\t\t\t\t<div class=\"elementor-element elementor-element-8ea5125 elementor-widget elementor-widget-text-editor\" data-id=\"8ea5125\" data-element_type=\"widget\" data-e-type=\"widget\" data-widget_type=\"text-editor.default\">\n\t\t\t\t<div class=\"elementor-widget-container\">\n\t\t\t\t\t\t\t\t\t<p><b class=\"contentbold\">Jugendfeuerwehrwart<\/b><br \/>UBM Marcel Wiese<br \/><a class=\"mail\" title=\"E-Mail an &quot;alexander.reigl@feuerwehr.kamen.de&quot; verfassen\" href=\"mailto:marcel-wiese@feuerwehr.kamen.de\">marcel-wiese@feuerwehr.kamen.de<\/a><\/p>\t\t\t\t\t\t\t\t<\/div>\n\t\t\t\t<\/div>\n\t\t\t\t\t<\/div>\n\t\t<\/div>\n\t\t\t\t<div class=\"elementor-column elementor-col-33 elementor-top-column elementor-element elementor-element-477249b\" data-id=\"477249b\" data-element_type=\"column\" data-e-type=\"column\">\n\t\t\t<div class=\"elementor-widget-wrap\">\n\t\t\t\t\t\t\t<\/div>\n\t\t<\/div>\n\t\t\t\t\t<\/div>\n\t\t<\/section>\n\t\t\t\t<section class=\"elementor-section elementor-top-section elementor-element elementor-element-a048bdc elementor-section-boxed elementor-section-height-default elementor-section-height-default\" data-id=\"a048bdc\" data-element_type=\"section\" data-e-type=\"section\" data-settings=\"{&quot;background_background&quot;:&quot;classic&quot;}\">\n\t\t\t\t\t\t<div class=\"elementor-container elementor-column-gap-default\">\n\t\t\t\t\t<div class=\"elementor-column elementor-col-50 elementor-top-column elementor-element elementor-element-88dc37c\" data-id=\"88dc37c\" data-element_type=\"column\" data-e-type=\"column\">\n\t\t\t<div class=\"elementor-widget-wrap elementor-element-populated\">\n\t\t\t\t\t\t<div class=\"elementor-element elementor-element-0690825 elementor-view-default elementor-widget elementor-widget-icon\" data-id=\"0690825\" data-element_type=\"widget\" data-e-type=\"widget\" data-widget_type=\"icon.default\">\n\t\t\t\t<div class=\"elementor-widget-container\">\n\t\t\t\t\t\t\t<div class=\"elementor-icon-wrapper\">\n\t\t\t<div class=\"elementor-icon\">\n\t\t\t<i aria-hidden=\"true\" class=\"far fa-map\"><\/i>\t\t\t<\/div>\n\t\t<\/div>\n\t\t\t\t\t\t<\/div>\n\t\t\t\t<\/div>\n\t\t\t\t\t<\/div>\n\t\t<\/div>\n\t\t\t\t<div class=\"elementor-column elementor-col-50 elementor-top-column elementor-element elementor-element-78b103e\" data-id=\"78b103e\" data-element_type=\"column\" data-e-type=\"column\">\n\t\t\t<div class=\"elementor-widget-wrap elementor-element-populated\">\n\t\t\t\t\t\t<div class=\"elementor-element elementor-element-48ce5c6 elementor-widget elementor-widget-text-editor\" data-id=\"48ce5c6\" data-element_type=\"widget\" data-e-type=\"widget\" data-widget_type=\"text-editor.default\">\n\t\t\t\t<div class=\"elementor-widget-container\">\n\t\t\t\t\t\t\t\t\t<h3 id=\"a4\" class=\"heading2\">Postanschriften<\/h3>\t\t\t\t\t\t\t\t<\/div>\n\t\t\t\t<\/div>\n\t\t\t\t\t<\/div>\n\t\t<\/div>\n\t\t\t\t\t<\/div>\n\t\t<\/section>\n\t\t\t\t<section class=\"elementor-section elementor-top-section elementor-element elementor-element-c92f1e5 elementor-section-boxed elementor-section-height-default elementor-section-height-default\" data-id=\"c92f1e5\" data-element_type=\"section\" data-e-type=\"section\" data-settings=\"{&quot;background_background&quot;:&quot;classic&quot;}\">\n\t\t\t\t\t\t<div class=\"elementor-container elementor-column-gap-default\">\n\t\t\t\t\t<div class=\"elementor-column elementor-col-50 elementor-top-column elementor-element elementor-element-990f81c\" data-id=\"990f81c\" data-element_type=\"column\" data-e-type=\"column\">\n\t\t\t<div class=\"elementor-widget-wrap elementor-element-populated\">\n\t\t\t\t\t\t<div class=\"elementor-element elementor-element-de8e571 elementor-widget elementor-widget-text-editor\" data-id=\"de8e571\" data-element_type=\"widget\" data-e-type=\"widget\" data-widget_type=\"text-editor.default\">\n\t\t\t\t<div class=\"elementor-widget-container\">\n\t\t\t\t\t\t\t\t\t<p><b class=\"contentbold\">Freiwillige Feuerwehr Stadt Kamen<br \/>L\u00f6schgruppe Kamen-Mitte<\/b><br \/>Mersch 28<br \/>59174 Kamen<\/p>\t\t\t\t\t\t\t\t<\/div>\n\t\t\t\t<\/div>\n\t\t\t\t\t<\/div>\n\t\t<\/div>\n\t\t\t\t<div class=\"elementor-column elementor-col-50 elementor-top-column elementor-element elementor-element-81acff8\" data-id=\"81acff8\" data-element_type=\"column\" data-e-type=\"column\">\n\t\t\t<div class=\"elementor-widget-wrap elementor-element-populated\">\n\t\t\t\t\t\t<div class=\"elementor-element elementor-element-3ca4bac elementor-widget elementor-widget-text-editor\" data-id=\"3ca4bac\" data-element_type=\"widget\" data-e-type=\"widget\" data-widget_type=\"text-editor.default\">\n\t\t\t\t<div class=\"elementor-widget-container\">\n\t\t\t\t\t\t\t\t\t<p><b class=\"contentbold\">Freiwillige Feuerwehr Stadt Kamen<br \/>L\u00f6schgruppe S\u00fcdkamen<\/b><br \/>Dortmunder Allee 46<br \/>59174 Kamen<\/p>\t\t\t\t\t\t\t\t<\/div>\n\t\t\t\t<\/div>\n\t\t\t\t\t<\/div>\n\t\t<\/div>\n\t\t\t\t\t<\/div>\n\t\t<\/section>\n\t\t\t\t<\/div>\n\t\t","protected":false},"excerpt":{"rendered":"<p>L\u00d6SCHZUG 1 Der L\u00f6schzug 1 der Feuerwehr Kamen besteht aus der Einheit Kamen-Mitte und der Einheit S\u00fcdkamen. Die Einheit Kamen-Mitte hat ihren historischen Ursprung in einer \u201efreiwilligen Turner-Feuerwehr\u201c, die bei&hellip;&nbsp;<a href=\"https:\/\/feuerwehr.kamen.de\/?page_id=404\" rel=\"bookmark\">Weiterlesen &raquo;<span class=\"screen-reader-text\">L\u00f6schzug 1<\/span><\/a><\/p>\n","protected":false},"author":1,"featured_media":0,"parent":0,"menu_order":0,"comment_status":"closed","ping_status":"closed","template":"page-templates\/template-pagebuilder-full-width.php","meta":{"neve_meta_sidebar":"","neve_meta_container":"","neve_meta_enable_content_width":"","neve_meta_content_width":0,"neve_meta_title_alignment":"","neve_meta_author_avatar":"","neve_post_elements_order":"","neve_meta_disable_header":"","neve_meta_disable_footer":"","neve_meta_disable_title":"","footnotes":""},"class_list":["post-404","page","type-page","status-publish","hentry"],"_links":{"self":[{"href":"https:\/\/feuerwehr.kamen.de\/index.php?rest_route=\/wp\/v2\/pages\/404","targetHints":{"allow":["GET"]}}],"collection":[{"href":"https:\/\/feuerwehr.kamen.de\/index.php?rest_route=\/wp\/v2\/pages"}],"about":[{"href":"https:\/\/feuerwehr.kamen.de\/index.php?rest_route=\/wp\/v2\/types\/page"}],"author":[{"embeddable":true,"href":"https:\/\/feuerwehr.kamen.de\/index.php?rest_route=\/wp\/v2\/users\/1"}],"replies":[{"embeddable":true,"href":"https:\/\/feuerwehr.kamen.de\/index.php?rest_route=%2Fwp%2Fv2%2Fcomments&post=404"}],"version-history":[{"count":158,"href":"https:\/\/feuerwehr.kamen.de\/index.php?rest_route=\/wp\/v2\/pages\/404\/revisions"}],"predecessor-version":[{"id":5745,"href":"https:\/\/feuerwehr.kamen.de\/index.php?rest_route=\/wp\/v2\/pages\/404\/revisions\/5745"}],"wp:attachment":[{"href":"https:\/\/feuerwehr.kamen.de\/index.php?rest_route=%2Fwp%2Fv2%2Fmedia&parent=404"}],"curies":[{"name":"wp","href":"https:\/\/api.w.org\/{rel}","templated":true}]}}