{"id":2076,"date":"2022-01-31T21:46:09","date_gmt":"2022-01-31T20:46:09","guid":{"rendered":"https:\/\/test2.kamen.de\/?page_id=2076"},"modified":"2024-02-28T16:09:42","modified_gmt":"2024-02-28T15:09:42","slug":"elementor-2076","status":"publish","type":"page","link":"https:\/\/feuerwehr.kamen.de\/?page_id=2076","title":{"rendered":"Elementor #2076"},"content":{"rendered":"\t\t<div data-elementor-type=\"wp-page\" data-elementor-id=\"2076\" class=\"elementor elementor-2076\" data-elementor-post-type=\"page\">\n\t\t\t\t\t\t<section class=\"elementor-section elementor-top-section elementor-element elementor-element-8af88b9 elementor-section-boxed elementor-section-height-default elementor-section-height-default\" data-id=\"8af88b9\" data-element_type=\"section\" data-e-type=\"section\">\n\t\t\t\t\t\t<div class=\"elementor-container elementor-column-gap-default\">\n\t\t\t\t\t<div class=\"elementor-column elementor-col-100 elementor-top-column elementor-element elementor-element-d23a05e\" data-id=\"d23a05e\" data-element_type=\"column\" data-e-type=\"column\">\n\t\t\t<div class=\"elementor-widget-wrap\">\n\t\t\t\t\t\t\t<\/div>\n\t\t<\/div>\n\t\t\t\t\t<\/div>\n\t\t<\/section>\n\t\t\t\t<section class=\"elementor-section elementor-top-section elementor-element elementor-element-a516bc1 elementor-section-boxed elementor-section-height-default elementor-section-height-default\" data-id=\"a516bc1\" data-element_type=\"section\" data-e-type=\"section\">\n\t\t\t\t\t\t<div class=\"elementor-container elementor-column-gap-default\">\n\t\t\t\t\t<div class=\"elementor-column elementor-col-100 elementor-top-column elementor-element elementor-element-05f7db8\" data-id=\"05f7db8\" data-element_type=\"column\" data-e-type=\"column\">\n\t\t\t<div class=\"elementor-widget-wrap elementor-element-populated\">\n\t\t\t\t\t\t<div class=\"elementor-element elementor-element-3dbe027 elementor-widget elementor-widget-image\" data-id=\"3dbe027\" data-element_type=\"widget\" data-e-type=\"widget\" data-widget_type=\"image.default\">\n\t\t\t\t<div class=\"elementor-widget-container\">\n\t\t\t\t\t\t\t\t\t\t\t\t\t\t\t<img fetchpriority=\"high\" decoding=\"async\" width=\"1024\" height=\"576\" src=\"https:\/\/feuerwehr.kamen.de\/wp-content\/uploads\/2022\/07\/20220418_131419-1024x576.jpg\" class=\"attachment-large size-large wp-image-3162\" alt=\"\" srcset=\"https:\/\/feuerwehr.kamen.de\/wp-content\/uploads\/2022\/07\/20220418_131419-1024x576.jpg 1024w, https:\/\/feuerwehr.kamen.de\/wp-content\/uploads\/2022\/07\/20220418_131419-300x169.jpg 300w, https:\/\/feuerwehr.kamen.de\/wp-content\/uploads\/2022\/07\/20220418_131419-768x432.jpg 768w, https:\/\/feuerwehr.kamen.de\/wp-content\/uploads\/2022\/07\/20220418_131419-1536x864.jpg 1536w, https:\/\/feuerwehr.kamen.de\/wp-content\/uploads\/2022\/07\/20220418_131419-2048x1152.jpg 2048w\" sizes=\"(max-width: 1024px) 100vw, 1024px\" \/>\t\t\t\t\t\t\t\t\t\t\t\t\t\t\t<\/div>\n\t\t\t\t<\/div>\n\t\t\t\t<div class=\"elementor-element elementor-element-9d54c22 elementor-widget elementor-widget-heading\" data-id=\"9d54c22\" data-element_type=\"widget\" data-e-type=\"widget\" data-widget_type=\"heading.default\">\n\t\t\t\t<div class=\"elementor-widget-container\">\n\t\t\t\t\t<h1 class=\"elementor-heading-title elementor-size-default\">HaUPTAMTLICHE WACHE<\/h1>\t\t\t\t<\/div>\n\t\t\t\t<\/div>\n\t\t\t\t\t<\/div>\n\t\t<\/div>\n\t\t\t\t\t<\/div>\n\t\t<\/section>\n\t\t\t\t<section class=\"elementor-section elementor-top-section elementor-element elementor-element-0077213 elementor-section-boxed elementor-section-height-default elementor-section-height-default\" data-id=\"0077213\" data-element_type=\"section\" data-e-type=\"section\">\n\t\t\t\t\t\t<div class=\"elementor-container elementor-column-gap-default\">\n\t\t\t\t\t<div class=\"elementor-column elementor-col-100 elementor-top-column elementor-element elementor-element-4d7066f\" data-id=\"4d7066f\" data-element_type=\"column\" data-e-type=\"column\">\n\t\t\t<div class=\"elementor-widget-wrap elementor-element-populated\">\n\t\t\t\t\t\t<div class=\"elementor-element elementor-element-dc40743 elementor-widget elementor-widget-text-editor\" data-id=\"dc40743\" data-element_type=\"widget\" data-e-type=\"widget\" data-widget_type=\"text-editor.default\">\n\t\t\t\t<div class=\"elementor-widget-container\">\n\t\t\t\t\t\t\t\t\t<p>Neben den Einheiten der freiwilligen Feuerwehren in den jeweiligen Ortsteilen unterh\u00e4lt die Stadt Kamen am Standort Mersch eine rund um die Uhr besetzte hauptamtliche Feuer- und Rettungswache.\u00a0<br \/>Diese nimmt im Einsatzdienst Aufgaben des abwehrenden Brandschutzes sowie des Rettungsdienstes wahr. Des Weiteren werden durch die hauptamtlichen Kr\u00e4fte zahlreiche Sonderaufgaben zur Aufrechterhaltung der Einsatzbereitschaft, sowie der allgemeinen Verwaltung der Feuerwehr Kamen wahrgenommen.<\/p><p>Das Team der Hauptwache besteht derzeit aus 45 feuerwehrtechnischen Beamt*innen, 52 tarifliche besch\u00e4ftigten Mitarbeitenden im Rettungsdienst, sowie 12 Auszubildenden f\u00fcr den Beruf des Notfallsanit\u00e4ters.<br \/><br \/>Weitere Informationen findet ihr im Bereich L\u00f6schz\u00fcge -&gt; Hauptamtliche Wache!<\/p><p><strong>Das sind die Ansprechpartner<\/strong><\/p>\t\t\t\t\t\t\t\t<\/div>\n\t\t\t\t<\/div>\n\t\t\t\t\t<\/div>\n\t\t<\/div>\n\t\t\t\t\t<\/div>\n\t\t<\/section>\n\t\t\t\t<section class=\"elementor-section elementor-top-section elementor-element elementor-element-8111a94 elementor-section-boxed elementor-section-height-default elementor-section-height-default\" data-id=\"8111a94\" data-element_type=\"section\" data-e-type=\"section\">\n\t\t\t\t\t\t<div class=\"elementor-container elementor-column-gap-default\">\n\t\t\t\t\t<div class=\"elementor-column elementor-col-33 elementor-top-column elementor-element elementor-element-2815005\" data-id=\"2815005\" data-element_type=\"column\" data-e-type=\"column\">\n\t\t\t<div class=\"elementor-widget-wrap elementor-element-populated\">\n\t\t\t\t\t\t<div class=\"elementor-element elementor-element-c6ca494 elementor-widget elementor-widget-image\" data-id=\"c6ca494\" data-element_type=\"widget\" data-e-type=\"widget\" data-widget_type=\"image.default\">\n\t\t\t\t<div class=\"elementor-widget-container\">\n\t\t\t\t\t\t\t\t\t\t\t\t\t\t\t<img decoding=\"async\" width=\"683\" height=\"1024\" src=\"https:\/\/feuerwehr.kamen.de\/wp-content\/uploads\/2021\/12\/Lindermann-683x1024.jpg\" class=\"attachment-large size-large wp-image-1335\" alt=\"\" srcset=\"https:\/\/feuerwehr.kamen.de\/wp-content\/uploads\/2021\/12\/Lindermann-683x1024.jpg 683w, https:\/\/feuerwehr.kamen.de\/wp-content\/uploads\/2021\/12\/Lindermann-200x300.jpg 200w, https:\/\/feuerwehr.kamen.de\/wp-content\/uploads\/2021\/12\/Lindermann-768x1152.jpg 768w, https:\/\/feuerwehr.kamen.de\/wp-content\/uploads\/2021\/12\/Lindermann-1024x1536.jpg 1024w, https:\/\/feuerwehr.kamen.de\/wp-content\/uploads\/2021\/12\/Lindermann-1365x2048.jpg 1365w, https:\/\/feuerwehr.kamen.de\/wp-content\/uploads\/2021\/12\/Lindermann-scaled.jpg 1707w\" sizes=\"(max-width: 683px) 100vw, 683px\" \/>\t\t\t\t\t\t\t\t\t\t\t\t\t\t\t<\/div>\n\t\t\t\t<\/div>\n\t\t\t\t<div class=\"elementor-element elementor-element-ebc7c4c elementor-widget elementor-widget-text-editor\" data-id=\"ebc7c4c\" data-element_type=\"widget\" data-e-type=\"widget\" data-widget_type=\"text-editor.default\">\n\t\t\t\t<div class=\"elementor-widget-container\">\n\t\t\t\t\t\t\t\t\t<h3 id=\"a4\" class=\"heading2\">Leiter des Fachbereiches Feuerwehr und Rettungsdienst<\/h3><p class=\"heading2\" style=\"text-align: center;\">Oberbrandrat Christopher Lindermann<\/p><p style=\"text-align: center;\"><b class=\"contentbold\">Email: <a class=\"mail\" title=\"E-Mail an \" href=\"mailto:christopher.lindermann@stadt-kamen.de\">christopher.lindermann@stadt-kamen.de<\/a><\/b><\/p>\t\t\t\t\t\t\t\t<\/div>\n\t\t\t\t<\/div>\n\t\t\t\t\t<\/div>\n\t\t<\/div>\n\t\t\t\t<div class=\"elementor-column elementor-col-33 elementor-top-column elementor-element elementor-element-896a192\" data-id=\"896a192\" data-element_type=\"column\" data-e-type=\"column\">\n\t\t\t<div class=\"elementor-widget-wrap elementor-element-populated\">\n\t\t\t\t\t\t<div class=\"elementor-element elementor-element-2455959 elementor-widget elementor-widget-image\" data-id=\"2455959\" data-element_type=\"widget\" data-e-type=\"widget\" data-widget_type=\"image.default\">\n\t\t\t\t<div class=\"elementor-widget-container\">\n\t\t\t\t\t\t\t\t\t\t\t\t\t\t\t<img decoding=\"async\" width=\"683\" height=\"1024\" src=\"https:\/\/feuerwehr.kamen.de\/wp-content\/uploads\/2023\/05\/Feuerwehr-Portraits20230328-0008_by_Sternemann_3000-px-683x1024.jpg\" class=\"attachment-large size-large wp-image-4243\" alt=\"\" srcset=\"https:\/\/feuerwehr.kamen.de\/wp-content\/uploads\/2023\/05\/Feuerwehr-Portraits20230328-0008_by_Sternemann_3000-px-683x1024.jpg 683w, https:\/\/feuerwehr.kamen.de\/wp-content\/uploads\/2023\/05\/Feuerwehr-Portraits20230328-0008_by_Sternemann_3000-px-200x300.jpg 200w, https:\/\/feuerwehr.kamen.de\/wp-content\/uploads\/2023\/05\/Feuerwehr-Portraits20230328-0008_by_Sternemann_3000-px-768x1151.jpg 768w, https:\/\/feuerwehr.kamen.de\/wp-content\/uploads\/2023\/05\/Feuerwehr-Portraits20230328-0008_by_Sternemann_3000-px-1025x1536.jpg 1025w, https:\/\/feuerwehr.kamen.de\/wp-content\/uploads\/2023\/05\/Feuerwehr-Portraits20230328-0008_by_Sternemann_3000-px-1366x2048.jpg 1366w, https:\/\/feuerwehr.kamen.de\/wp-content\/uploads\/2023\/05\/Feuerwehr-Portraits20230328-0008_by_Sternemann_3000-px-scaled.jpg 1708w\" sizes=\"(max-width: 683px) 100vw, 683px\" \/>\t\t\t\t\t\t\t\t\t\t\t\t\t\t\t<\/div>\n\t\t\t\t<\/div>\n\t\t\t\t<div class=\"elementor-element elementor-element-e20500f elementor-widget elementor-widget-text-editor\" data-id=\"e20500f\" data-element_type=\"widget\" data-e-type=\"widget\" data-widget_type=\"text-editor.default\">\n\t\t\t\t<div class=\"elementor-widget-container\">\n\t\t\t\t\t\t\t\t\t<h3 id=\"a4\" class=\"heading2\">Stellv. Leiter des Fachbereiches Feuerwehr und Rettungsdienst<\/h3><p class=\"heading2\" style=\"text-align: center;\">Brandrat Frank Siedhoff<\/p><p style=\"text-align: center;\"><b class=\"contentbold\">Email: <a class=\"mail\" title=\"E-Mail an \" href=\"mailto:frank.siedhoff@stadt-kamen.de\">Frank.Siedhoff@stadt-kamen.de<\/a><\/b><\/p>\t\t\t\t\t\t\t\t<\/div>\n\t\t\t\t<\/div>\n\t\t\t\t\t<\/div>\n\t\t<\/div>\n\t\t\t\t<div class=\"elementor-column elementor-col-33 elementor-top-column elementor-element elementor-element-5716bf2\" data-id=\"5716bf2\" data-element_type=\"column\" data-e-type=\"column\">\n\t\t\t<div class=\"elementor-widget-wrap\">\n\t\t\t\t\t\t\t<\/div>\n\t\t<\/div>\n\t\t\t\t\t<\/div>\n\t\t<\/section>\n\t\t\t\t<\/div>\n\t\t","protected":false},"excerpt":{"rendered":"<p>HaUPTAMTLICHE WACHE Neben den Einheiten der freiwilligen Feuerwehren in den jeweiligen Ortsteilen unterh\u00e4lt die Stadt Kamen am Standort Mersch eine rund um die Uhr besetzte hauptamtliche Feuer- und Rettungswache.\u00a0Diese nimmt&hellip;&nbsp;<a href=\"https:\/\/feuerwehr.kamen.de\/?page_id=2076\" rel=\"bookmark\">Weiterlesen &raquo;<span class=\"screen-reader-text\">Elementor #2076<\/span><\/a><\/p>\n","protected":false},"author":1,"featured_media":0,"parent":0,"menu_order":0,"comment_status":"closed","ping_status":"closed","template":"page-templates\/template-pagebuilder-full-width.php","meta":{"neve_meta_sidebar":"full-width","neve_meta_container":"","neve_meta_enable_content_width":"on","neve_meta_content_width":100,"neve_meta_title_alignment":"","neve_meta_author_avatar":"","neve_post_elements_order":"","neve_meta_disable_header":"","neve_meta_disable_footer":"","neve_meta_disable_title":"","footnotes":""},"class_list":["post-2076","page","type-page","status-publish","hentry"],"_links":{"self":[{"href":"https:\/\/feuerwehr.kamen.de\/index.php?rest_route=\/wp\/v2\/pages\/2076","targetHints":{"allow":["GET"]}}],"collection":[{"href":"https:\/\/feuerwehr.kamen.de\/index.php?rest_route=\/wp\/v2\/pages"}],"about":[{"href":"https:\/\/feuerwehr.kamen.de\/index.php?rest_route=\/wp\/v2\/types\/page"}],"author":[{"embeddable":true,"href":"https:\/\/feuerwehr.kamen.de\/index.php?rest_route=\/wp\/v2\/users\/1"}],"replies":[{"embeddable":true,"href":"https:\/\/feuerwehr.kamen.de\/index.php?rest_route=%2Fwp%2Fv2%2Fcomments&post=2076"}],"version-history":[{"count":70,"href":"https:\/\/feuerwehr.kamen.de\/index.php?rest_route=\/wp\/v2\/pages\/2076\/revisions"}],"predecessor-version":[{"id":4789,"href":"https:\/\/feuerwehr.kamen.de\/index.php?rest_route=\/wp\/v2\/pages\/2076\/revisions\/4789"}],"wp:attachment":[{"href":"https:\/\/feuerwehr.kamen.de\/index.php?rest_route=%2Fwp%2Fv2%2Fmedia&parent=2076"}],"curies":[{"name":"wp","href":"https:\/\/api.w.org\/{rel}","templated":true}]}}