{"id":1459,"date":"2022-01-10T21:03:35","date_gmt":"2022-01-10T20:03:35","guid":{"rendered":"https:\/\/test2.kamen.de\/?page_id=1459"},"modified":"2026-04-11T22:21:36","modified_gmt":"2026-04-11T20:21:36","slug":"ressort-ausbildung","status":"publish","type":"page","link":"https:\/\/feuerwehr.kamen.de\/?page_id=1459","title":{"rendered":"Ressort Ausbildung"},"content":{"rendered":"\t\t<div data-elementor-type=\"wp-page\" data-elementor-id=\"1459\" class=\"elementor elementor-1459\" data-elementor-post-type=\"page\">\n\t\t\t\t\t\t<section class=\"elementor-section elementor-top-section elementor-element elementor-element-1d090af elementor-section-full_width elementor-section-height-default elementor-section-height-default\" data-id=\"1d090af\" data-element_type=\"section\" data-e-type=\"section\" data-settings=\"{&quot;background_background&quot;:&quot;classic&quot;}\">\n\t\t\t\t\t\t<div class=\"elementor-container elementor-column-gap-no\">\n\t\t\t\t\t<div class=\"elementor-column elementor-col-100 elementor-top-column elementor-element elementor-element-ef0b57e\" data-id=\"ef0b57e\" data-element_type=\"column\" data-e-type=\"column\">\n\t\t\t<div class=\"elementor-widget-wrap elementor-element-populated\">\n\t\t\t\t\t\t<div class=\"elementor-element elementor-element-9901ee0 elementor-widget elementor-widget-spacer\" data-id=\"9901ee0\" data-element_type=\"widget\" data-e-type=\"widget\" data-widget_type=\"spacer.default\">\n\t\t\t\t<div class=\"elementor-widget-container\">\n\t\t\t\t\t\t\t<div class=\"elementor-spacer\">\n\t\t\t<div class=\"elementor-spacer-inner\"><\/div>\n\t\t<\/div>\n\t\t\t\t\t\t<\/div>\n\t\t\t\t<\/div>\n\t\t\t\t\t<\/div>\n\t\t<\/div>\n\t\t\t\t\t<\/div>\n\t\t<\/section>\n\t\t\t\t<section class=\"elementor-section elementor-top-section elementor-element elementor-element-9ca051f elementor-section-boxed elementor-section-height-default elementor-section-height-default\" data-id=\"9ca051f\" data-element_type=\"section\" data-e-type=\"section\">\n\t\t\t\t\t\t<div class=\"elementor-container elementor-column-gap-default\">\n\t\t\t\t\t<div class=\"elementor-column elementor-col-100 elementor-top-column elementor-element elementor-element-6f5e1db\" data-id=\"6f5e1db\" data-element_type=\"column\" data-e-type=\"column\">\n\t\t\t<div class=\"elementor-widget-wrap elementor-element-populated\">\n\t\t\t\t\t\t<div class=\"elementor-element elementor-element-d27d444 elementor-widget elementor-widget-heading\" data-id=\"d27d444\" data-element_type=\"widget\" data-e-type=\"widget\" data-widget_type=\"heading.default\">\n\t\t\t\t<div class=\"elementor-widget-container\">\n\t\t\t\t\t<h1 class=\"elementor-heading-title elementor-size-default\">Ressort Ausbildung<\/h1>\t\t\t\t<\/div>\n\t\t\t\t<\/div>\n\t\t\t\t\t<\/div>\n\t\t<\/div>\n\t\t\t\t\t<\/div>\n\t\t<\/section>\n\t\t\t\t<section class=\"elementor-section elementor-top-section elementor-element elementor-element-16b4d3f elementor-section-boxed elementor-section-height-default elementor-section-height-default\" data-id=\"16b4d3f\" data-element_type=\"section\" data-e-type=\"section\">\n\t\t\t\t\t\t<div class=\"elementor-container elementor-column-gap-default\">\n\t\t\t\t\t<div class=\"elementor-column elementor-col-100 elementor-top-column elementor-element elementor-element-097744c\" data-id=\"097744c\" data-element_type=\"column\" data-e-type=\"column\">\n\t\t\t<div class=\"elementor-widget-wrap elementor-element-populated\">\n\t\t\t\t\t\t<div class=\"elementor-element elementor-element-edf7e22 elementor-widget elementor-widget-text-editor\" data-id=\"edf7e22\" data-element_type=\"widget\" data-e-type=\"widget\" data-widget_type=\"text-editor.default\">\n\t\t\t\t<div class=\"elementor-widget-container\">\n\t\t\t\t\t\t\t\t\t<p>Einsatzf\u00e4hig und in der Lage, den B\u00fcrgerinnen und B\u00fcrgern in Notlagen kompetent zu helfen, ist die Feuerwehr nur mit gut ausgebildetem Einsatzpersonal.<\/p><p>Das &#8222;Ressort Ausbildung&#8220; der Feuerwehr Kamen sorgt f\u00fcr stadtweit einheitliche Aus- und Fortbildungskonzepte. Es unterst\u00fctzt die Leitung der Feuerwehr bei der Ausbildung und koordiniert Gesamtwehr\u00fcbungen sowie Fortbildungsveranstaltungen f\u00fcr die F\u00fchrungskr\u00e4fte.<\/p><p><strong>Das sind die Ansprechpartner<\/strong><\/p>\t\t\t\t\t\t\t\t<\/div>\n\t\t\t\t<\/div>\n\t\t\t\t\t<\/div>\n\t\t<\/div>\n\t\t\t\t\t<\/div>\n\t\t<\/section>\n\t\t\t\t<section class=\"elementor-section elementor-top-section elementor-element elementor-element-603d3a2 elementor-section-boxed elementor-section-height-default elementor-section-height-default\" data-id=\"603d3a2\" data-element_type=\"section\" data-e-type=\"section\">\n\t\t\t\t\t\t<div class=\"elementor-container elementor-column-gap-default\">\n\t\t\t\t\t<div class=\"elementor-column elementor-col-33 elementor-top-column elementor-element elementor-element-9277045\" data-id=\"9277045\" data-element_type=\"column\" data-e-type=\"column\">\n\t\t\t<div class=\"elementor-widget-wrap elementor-element-populated\">\n\t\t\t\t\t\t<div class=\"elementor-element elementor-element-53eadd6 elementor-widget elementor-widget-image\" data-id=\"53eadd6\" data-element_type=\"widget\" data-e-type=\"widget\" data-widget_type=\"image.default\">\n\t\t\t\t<div class=\"elementor-widget-container\">\n\t\t\t\t\t\t\t\t\t\t\t\t\t\t\t<img fetchpriority=\"high\" decoding=\"async\" width=\"683\" height=\"1024\" src=\"https:\/\/feuerwehr.kamen.de\/wp-content\/uploads\/2026\/04\/Portrait-Feuerwehr-Kamen20260310_2Z6A0941_by_Sternemann-683x1024.jpg\" class=\"attachment-large size-large wp-image-5813\" alt=\"\" srcset=\"https:\/\/feuerwehr.kamen.de\/wp-content\/uploads\/2026\/04\/Portrait-Feuerwehr-Kamen20260310_2Z6A0941_by_Sternemann-683x1024.jpg 683w, https:\/\/feuerwehr.kamen.de\/wp-content\/uploads\/2026\/04\/Portrait-Feuerwehr-Kamen20260310_2Z6A0941_by_Sternemann-200x300.jpg 200w, https:\/\/feuerwehr.kamen.de\/wp-content\/uploads\/2026\/04\/Portrait-Feuerwehr-Kamen20260310_2Z6A0941_by_Sternemann-768x1151.jpg 768w, https:\/\/feuerwehr.kamen.de\/wp-content\/uploads\/2026\/04\/Portrait-Feuerwehr-Kamen20260310_2Z6A0941_by_Sternemann-1025x1536.jpg 1025w, https:\/\/feuerwehr.kamen.de\/wp-content\/uploads\/2026\/04\/Portrait-Feuerwehr-Kamen20260310_2Z6A0941_by_Sternemann-1366x2048.jpg 1366w, https:\/\/feuerwehr.kamen.de\/wp-content\/uploads\/2026\/04\/Portrait-Feuerwehr-Kamen20260310_2Z6A0941_by_Sternemann-scaled.jpg 1708w\" sizes=\"(max-width: 683px) 100vw, 683px\" \/>\t\t\t\t\t\t\t\t\t\t\t\t\t\t\t<\/div>\n\t\t\t\t<\/div>\n\t\t\t\t<div class=\"elementor-element elementor-element-6f0a574 elementor-widget elementor-widget-text-editor\" data-id=\"6f0a574\" data-element_type=\"widget\" data-e-type=\"widget\" data-widget_type=\"text-editor.default\">\n\t\t\t\t<div class=\"elementor-widget-container\">\n\t\t\t\t\t\t\t\t\t<h3 id=\"a3\" class=\"heading2\" style=\"text-align: center;\">Leiter Ressort Ausbildung<\/h3><p class=\"heading2\" style=\"text-align: center;\">Brandoberinspektor Tobias Volkmann<\/p><p class=\"heading2\" style=\"text-align: center;\"><a class=\"mail\" style=\"font-family: var( --e-global-typography-text-font-family ), Sans-serif;\" title=\"E-Mail an \" href=\"mailto:ausbildung@feuerwehr.kamen.de\">ausbildung@feuerwehr.kamen.de<\/a><\/p>\t\t\t\t\t\t\t\t<\/div>\n\t\t\t\t<\/div>\n\t\t\t\t\t<\/div>\n\t\t<\/div>\n\t\t\t\t<div class=\"elementor-column elementor-col-33 elementor-top-column elementor-element elementor-element-5c446bd\" data-id=\"5c446bd\" data-element_type=\"column\" data-e-type=\"column\">\n\t\t\t<div class=\"elementor-widget-wrap elementor-element-populated\">\n\t\t\t\t\t\t<div class=\"elementor-element elementor-element-3610c94 elementor-widget elementor-widget-image\" data-id=\"3610c94\" data-element_type=\"widget\" data-e-type=\"widget\" data-widget_type=\"image.default\">\n\t\t\t\t<div class=\"elementor-widget-container\">\n\t\t\t\t\t\t\t\t\t\t\t\t\t\t\t<img decoding=\"async\" width=\"1024\" height=\"1024\" src=\"https:\/\/feuerwehr.kamen.de\/wp-content\/uploads\/2023\/05\/avatar-1024x1024.jpg\" class=\"attachment-large size-large wp-image-4313\" alt=\"\" srcset=\"https:\/\/feuerwehr.kamen.de\/wp-content\/uploads\/2023\/05\/avatar-1024x1024.jpg 1024w, https:\/\/feuerwehr.kamen.de\/wp-content\/uploads\/2023\/05\/avatar-300x300.jpg 300w, https:\/\/feuerwehr.kamen.de\/wp-content\/uploads\/2023\/05\/avatar-150x150.jpg 150w, https:\/\/feuerwehr.kamen.de\/wp-content\/uploads\/2023\/05\/avatar-768x768.jpg 768w, https:\/\/feuerwehr.kamen.de\/wp-content\/uploads\/2023\/05\/avatar.jpg 1280w\" sizes=\"(max-width: 1024px) 100vw, 1024px\" \/>\t\t\t\t\t\t\t\t\t\t\t\t\t\t\t<\/div>\n\t\t\t\t<\/div>\n\t\t\t\t<div class=\"elementor-element elementor-element-c8158da elementor-widget elementor-widget-text-editor\" data-id=\"c8158da\" data-element_type=\"widget\" data-e-type=\"widget\" data-widget_type=\"text-editor.default\">\n\t\t\t\t<div class=\"elementor-widget-container\">\n\t\t\t\t\t\t\t\t\t<div class=\"aligncenter\" style=\"text-align: left;\"><h3 id=\"a4\" class=\"heading2\" style=\"text-align: center;\">Stellv. Ressortleiter<\/h3><\/div><div class=\"aligncenter\" style=\"text-align: center;\">N.N,.<\/div><div class=\"aligncenter\" style=\"text-align: center;\"><span style=\"color: var( --e-global-color-text ); font-family: var( --e-global-typography-text-font-family ), Sans-serif; background-color: var(--nv-site-bg);\">\u00a0<\/span><\/div><div style=\"text-align: center;\"><a class=\"mail\" title=\"E-Mail an \" href=\"mailto:ausbildung@feuerwehr.kamen.de\">ausbildung@feuerwehr.kamen.de<\/a><\/div>\t\t\t\t\t\t\t\t<\/div>\n\t\t\t\t<\/div>\n\t\t\t\t\t<\/div>\n\t\t<\/div>\n\t\t\t\t<div class=\"elementor-column elementor-col-33 elementor-top-column elementor-element elementor-element-4ceb53c\" data-id=\"4ceb53c\" data-element_type=\"column\" data-e-type=\"column\">\n\t\t\t<div class=\"elementor-widget-wrap elementor-element-populated\">\n\t\t\t\t\t\t<div class=\"elementor-element elementor-element-1c40985 elementor-widget elementor-widget-image\" data-id=\"1c40985\" data-element_type=\"widget\" data-e-type=\"widget\" data-widget_type=\"image.default\">\n\t\t\t\t<div class=\"elementor-widget-container\">\n\t\t\t\t\t\t\t\t\t\t\t\t\t\t\t<img decoding=\"async\" width=\"1024\" height=\"911\" src=\"https:\/\/feuerwehr.kamen.de\/wp-content\/uploads\/2022\/07\/avatar-1293744-1024x911.png\" class=\"attachment-large size-large wp-image-3177\" alt=\"\" srcset=\"https:\/\/feuerwehr.kamen.de\/wp-content\/uploads\/2022\/07\/avatar-1293744-1024x911.png 1024w, https:\/\/feuerwehr.kamen.de\/wp-content\/uploads\/2022\/07\/avatar-1293744-300x267.png 300w, https:\/\/feuerwehr.kamen.de\/wp-content\/uploads\/2022\/07\/avatar-1293744-768x684.png 768w, https:\/\/feuerwehr.kamen.de\/wp-content\/uploads\/2022\/07\/avatar-1293744-1536x1367.png 1536w, https:\/\/feuerwehr.kamen.de\/wp-content\/uploads\/2022\/07\/avatar-1293744.png 1920w\" sizes=\"(max-width: 1024px) 100vw, 1024px\" \/>\t\t\t\t\t\t\t\t\t\t\t\t\t\t\t<\/div>\n\t\t\t\t<\/div>\n\t\t\t\t<div class=\"elementor-element elementor-element-fa6cb75 elementor-widget elementor-widget-text-editor\" data-id=\"fa6cb75\" data-element_type=\"widget\" data-e-type=\"widget\" data-widget_type=\"text-editor.default\">\n\t\t\t\t<div class=\"elementor-widget-container\">\n\t\t\t\t\t\t\t\t\t<div class=\"aligncenter\" style=\"text-align: left;\"><h3 id=\"a4\" class=\"heading2\" style=\"text-align: center;\">Stellv. Ressortleiter<\/h3><\/div><div class=\"aligncenter\" style=\"text-align: center;\">Unterbrandmeister Lukas Steinmeier<\/div><div class=\"aligncenter\" style=\"text-align: center;\">\u00a0<\/div><div style=\"text-align: center;\"><a class=\"mail\" title=\"E-Mail an \" href=\"mailto:ausbildung@feuerwehr.kamen.de\">ausbildung@feuerwehr.kamen.de<\/a><\/div>\t\t\t\t\t\t\t\t<\/div>\n\t\t\t\t<\/div>\n\t\t\t\t\t<\/div>\n\t\t<\/div>\n\t\t\t\t\t<\/div>\n\t\t<\/section>\n\t\t\t\t<\/div>\n\t\t","protected":false},"excerpt":{"rendered":"<p>Ressort Ausbildung Einsatzf\u00e4hig und in der Lage, den B\u00fcrgerinnen und B\u00fcrgern in Notlagen kompetent zu helfen, ist die Feuerwehr nur mit gut ausgebildetem Einsatzpersonal. Das &#8222;Ressort Ausbildung&#8220; der Feuerwehr Kamen&hellip;&nbsp;<a href=\"https:\/\/feuerwehr.kamen.de\/?page_id=1459\" rel=\"bookmark\">Weiterlesen &raquo;<span class=\"screen-reader-text\">Ressort Ausbildung<\/span><\/a><\/p>\n","protected":false},"author":1,"featured_media":0,"parent":0,"menu_order":0,"comment_status":"closed","ping_status":"closed","template":"page-templates\/template-pagebuilder-full-width.php","meta":{"neve_meta_sidebar":"full-width","neve_meta_container":"","neve_meta_enable_content_width":"on","neve_meta_content_width":100,"neve_meta_title_alignment":"","neve_meta_author_avatar":"","neve_post_elements_order":"","neve_meta_disable_header":"","neve_meta_disable_footer":"","neve_meta_disable_title":"","footnotes":""},"class_list":["post-1459","page","type-page","status-publish","hentry"],"_links":{"self":[{"href":"https:\/\/feuerwehr.kamen.de\/index.php?rest_route=\/wp\/v2\/pages\/1459","targetHints":{"allow":["GET"]}}],"collection":[{"href":"https:\/\/feuerwehr.kamen.de\/index.php?rest_route=\/wp\/v2\/pages"}],"about":[{"href":"https:\/\/feuerwehr.kamen.de\/index.php?rest_route=\/wp\/v2\/types\/page"}],"author":[{"embeddable":true,"href":"https:\/\/feuerwehr.kamen.de\/index.php?rest_route=\/wp\/v2\/users\/1"}],"replies":[{"embeddable":true,"href":"https:\/\/feuerwehr.kamen.de\/index.php?rest_route=%2Fwp%2Fv2%2Fcomments&post=1459"}],"version-history":[{"count":99,"href":"https:\/\/feuerwehr.kamen.de\/index.php?rest_route=\/wp\/v2\/pages\/1459\/revisions"}],"predecessor-version":[{"id":5816,"href":"https:\/\/feuerwehr.kamen.de\/index.php?rest_route=\/wp\/v2\/pages\/1459\/revisions\/5816"}],"wp:attachment":[{"href":"https:\/\/feuerwehr.kamen.de\/index.php?rest_route=%2Fwp%2Fv2%2Fmedia&parent=1459"}],"curies":[{"name":"wp","href":"https:\/\/api.w.org\/{rel}","templated":true}]}}